{"id":17454,"date":"2022-03-11T18:57:07","date_gmt":"2022-03-11T17:57:07","guid":{"rendered":"https:\/\/immobilier-lesallees.fr\/agence\/?page_id=17454"},"modified":"2022-04-13T16:21:44","modified_gmt":"2022-04-13T14:21:44","slug":"immobiliers-a-louer","status":"publish","type":"page","link":"https:\/\/immobilier-lesallees.fr\/agence\/immobiliers-a-louer\/","title":{"rendered":"Louer"},"content":{"rendered":"","protected":false},"excerpt":{"rendered":"","protected":false},"author":1,"featured_media":0,"parent":0,"menu_order":0,"comment_status":"closed","ping_status":"closed","template":"template\/template-listing-grid-v2-fullwidth-2cols.php","meta":{"footnotes":""},"class_list":["post-17454","page","type-page","status-publish","hentry"],"yoast_head":"<!-- This site is optimized with the Yoast SEO plugin v21.7 - https:\/\/yoast.com\/wordpress\/plugins\/seo\/ -->\n<title>Immobilier Les All\u00e9es - Annonces de biens immobiliers \u00e0 louer<\/title>\n<meta name=\"description\" content=\"Toutes nos annonces de ventes de biens immobiliers \u00e0 louer : appartements, maisons, villas...etc sur la r\u00e9gion Iles-de-France.\" \/>\n<meta name=\"robots\" content=\"index, follow, max-snippet:-1, max-image-preview:large, max-video-preview:-1\" \/>\n<link rel=\"canonical\" href=\"https:\/\/immobilier-lesallees.fr\/agence\/immobiliers-a-louer\/\" \/>\n<meta property=\"og:locale\" content=\"fr_FR\" \/>\n<meta property=\"og:type\" content=\"article\" \/>\n<meta property=\"og:title\" content=\"Immobilier Les All\u00e9es - Annonces de biens immobiliers \u00e0 louer\" \/>\n<meta property=\"og:description\" content=\"Toutes nos annonces de ventes de biens immobiliers \u00e0 louer : appartements, maisons, villas...etc sur la r\u00e9gion Iles-de-France.\" \/>\n<meta property=\"og:url\" content=\"https:\/\/immobilier-lesallees.fr\/agence\/immobiliers-a-louer\/\" \/>\n<meta property=\"og:site_name\" content=\"Immobilier Les All\u00e9es\" \/>\n<meta property=\"article:modified_time\" content=\"2022-04-13T14:21:44+00:00\" \/>\n<meta name=\"twitter:card\" content=\"summary_large_image\" \/>\n<script type=\"application\/ld+json\" class=\"yoast-schema-graph\">{\"@context\":\"https:\/\/schema.org\",\"@graph\":[{\"@type\":\"WebPage\",\"@id\":\"https:\/\/immobilier-lesallees.fr\/agence\/immobiliers-a-louer\/\",\"url\":\"https:\/\/immobilier-lesallees.fr\/agence\/immobiliers-a-louer\/\",\"name\":\"Immobilier Les All\u00e9es - Annonces de biens immobiliers \u00e0 louer\",\"isPartOf\":{\"@id\":\"https:\/\/immobilier-lesallees.fr\/agence\/#website\"},\"datePublished\":\"2022-03-11T17:57:07+00:00\",\"dateModified\":\"2022-04-13T14:21:44+00:00\",\"description\":\"Toutes nos annonces de ventes de biens immobiliers \u00e0 louer : appartements, maisons, villas...etc sur la r\u00e9gion Iles-de-France.\",\"breadcrumb\":{\"@id\":\"https:\/\/immobilier-lesallees.fr\/agence\/immobiliers-a-louer\/#breadcrumb\"},\"inLanguage\":\"fr-FR\",\"potentialAction\":[{\"@type\":\"ReadAction\",\"target\":[\"https:\/\/immobilier-lesallees.fr\/agence\/immobiliers-a-louer\/\"]}]},{\"@type\":\"BreadcrumbList\",\"@id\":\"https:\/\/immobilier-lesallees.fr\/agence\/immobiliers-a-louer\/#breadcrumb\",\"itemListElement\":[{\"@type\":\"ListItem\",\"position\":1,\"name\":\"Accueil\",\"item\":\"https:\/\/immobilier-lesallees.fr\/agence\/\"},{\"@type\":\"ListItem\",\"position\":2,\"name\":\"Louer\"}]},{\"@type\":\"WebSite\",\"@id\":\"https:\/\/immobilier-lesallees.fr\/agence\/#website\",\"url\":\"https:\/\/immobilier-lesallees.fr\/agence\/\",\"name\":\"Immobilier Les All\u00e9es\",\"description\":\"Main dans la main, tout au long du chemin...\",\"publisher\":{\"@id\":\"https:\/\/immobilier-lesallees.fr\/agence\/#organization\"},\"potentialAction\":[{\"@type\":\"SearchAction\",\"target\":{\"@type\":\"EntryPoint\",\"urlTemplate\":\"https:\/\/immobilier-lesallees.fr\/agence\/?s={search_term_string}\"},\"query-input\":\"required name=search_term_string\"}],\"inLanguage\":\"fr-FR\"},{\"@type\":\"Organization\",\"@id\":\"https:\/\/immobilier-lesallees.fr\/agence\/#organization\",\"name\":\"Immobilier Les All\u00e9es\",\"url\":\"https:\/\/immobilier-lesallees.fr\/agence\/\",\"logo\":{\"@type\":\"ImageObject\",\"inLanguage\":\"fr-FR\",\"@id\":\"https:\/\/immobilier-lesallees.fr\/agence\/#\/schema\/logo\/image\/\",\"url\":\"https:\/\/immobilier-lesallees.fr\/agence\/wp-content\/uploads\/2022\/04\/logo_immo-lesalleesForPrint.png\",\"contentUrl\":\"https:\/\/immobilier-lesallees.fr\/agence\/wp-content\/uploads\/2022\/04\/logo_immo-lesalleesForPrint.png\",\"width\":365,\"height\":43,\"caption\":\"Immobilier Les All\u00e9es\"},\"image\":{\"@id\":\"https:\/\/immobilier-lesallees.fr\/agence\/#\/schema\/logo\/image\/\"}}]}<\/script>\n<!-- \/ Yoast SEO plugin. -->","yoast_head_json":{"title":"Immobilier Les All\u00e9es - Annonces de biens immobiliers \u00e0 louer","description":"Toutes nos annonces de ventes de biens immobiliers \u00e0 louer : appartements, maisons, villas...etc sur la r\u00e9gion Iles-de-France.","robots":{"index":"index","follow":"follow","max-snippet":"max-snippet:-1","max-image-preview":"max-image-preview:large","max-video-preview":"max-video-preview:-1"},"canonical":"https:\/\/immobilier-lesallees.fr\/agence\/immobiliers-a-louer\/","og_locale":"fr_FR","og_type":"article","og_title":"Immobilier Les All\u00e9es - Annonces de biens immobiliers \u00e0 louer","og_description":"Toutes nos annonces de ventes de biens immobiliers \u00e0 louer : appartements, maisons, villas...etc sur la r\u00e9gion Iles-de-France.","og_url":"https:\/\/immobilier-lesallees.fr\/agence\/immobiliers-a-louer\/","og_site_name":"Immobilier Les All\u00e9es","article_modified_time":"2022-04-13T14:21:44+00:00","twitter_card":"summary_large_image","schema":{"@context":"https:\/\/schema.org","@graph":[{"@type":"WebPage","@id":"https:\/\/immobilier-lesallees.fr\/agence\/immobiliers-a-louer\/","url":"https:\/\/immobilier-lesallees.fr\/agence\/immobiliers-a-louer\/","name":"Immobilier Les All\u00e9es - Annonces de biens immobiliers \u00e0 louer","isPartOf":{"@id":"https:\/\/immobilier-lesallees.fr\/agence\/#website"},"datePublished":"2022-03-11T17:57:07+00:00","dateModified":"2022-04-13T14:21:44+00:00","description":"Toutes nos annonces de ventes de biens immobiliers \u00e0 louer : appartements, maisons, villas...etc sur la r\u00e9gion Iles-de-France.","breadcrumb":{"@id":"https:\/\/immobilier-lesallees.fr\/agence\/immobiliers-a-louer\/#breadcrumb"},"inLanguage":"fr-FR","potentialAction":[{"@type":"ReadAction","target":["https:\/\/immobilier-lesallees.fr\/agence\/immobiliers-a-louer\/"]}]},{"@type":"BreadcrumbList","@id":"https:\/\/immobilier-lesallees.fr\/agence\/immobiliers-a-louer\/#breadcrumb","itemListElement":[{"@type":"ListItem","position":1,"name":"Accueil","item":"https:\/\/immobilier-lesallees.fr\/agence\/"},{"@type":"ListItem","position":2,"name":"Louer"}]},{"@type":"WebSite","@id":"https:\/\/immobilier-lesallees.fr\/agence\/#website","url":"https:\/\/immobilier-lesallees.fr\/agence\/","name":"Immobilier Les All\u00e9es","description":"Main dans la main, tout au long du chemin...","publisher":{"@id":"https:\/\/immobilier-lesallees.fr\/agence\/#organization"},"potentialAction":[{"@type":"SearchAction","target":{"@type":"EntryPoint","urlTemplate":"https:\/\/immobilier-lesallees.fr\/agence\/?s={search_term_string}"},"query-input":"required name=search_term_string"}],"inLanguage":"fr-FR"},{"@type":"Organization","@id":"https:\/\/immobilier-lesallees.fr\/agence\/#organization","name":"Immobilier Les All\u00e9es","url":"https:\/\/immobilier-lesallees.fr\/agence\/","logo":{"@type":"ImageObject","inLanguage":"fr-FR","@id":"https:\/\/immobilier-lesallees.fr\/agence\/#\/schema\/logo\/image\/","url":"https:\/\/immobilier-lesallees.fr\/agence\/wp-content\/uploads\/2022\/04\/logo_immo-lesalleesForPrint.png","contentUrl":"https:\/\/immobilier-lesallees.fr\/agence\/wp-content\/uploads\/2022\/04\/logo_immo-lesalleesForPrint.png","width":365,"height":43,"caption":"Immobilier Les All\u00e9es"},"image":{"@id":"https:\/\/immobilier-lesallees.fr\/agence\/#\/schema\/logo\/image\/"}}]}},"_links":{"self":[{"href":"https:\/\/immobilier-lesallees.fr\/agence\/wp-json\/wp\/v2\/pages\/17454","targetHints":{"allow":["GET"]}}],"collection":[{"href":"https:\/\/immobilier-lesallees.fr\/agence\/wp-json\/wp\/v2\/pages"}],"about":[{"href":"https:\/\/immobilier-lesallees.fr\/agence\/wp-json\/wp\/v2\/types\/page"}],"author":[{"embeddable":true,"href":"https:\/\/immobilier-lesallees.fr\/agence\/wp-json\/wp\/v2\/users\/1"}],"replies":[{"embeddable":true,"href":"https:\/\/immobilier-lesallees.fr\/agence\/wp-json\/wp\/v2\/comments?post=17454"}],"version-history":[{"count":2,"href":"https:\/\/immobilier-lesallees.fr\/agence\/wp-json\/wp\/v2\/pages\/17454\/revisions"}],"predecessor-version":[{"id":17800,"href":"https:\/\/immobilier-lesallees.fr\/agence\/wp-json\/wp\/v2\/pages\/17454\/revisions\/17800"}],"wp:attachment":[{"href":"https:\/\/immobilier-lesallees.fr\/agence\/wp-json\/wp\/v2\/media?parent=17454"}],"curies":[{"name":"wp","href":"https:\/\/api.w.org\/{rel}","templated":true}]}}